{"id":449,"date":"2026-02-20T21:54:07","date_gmt":"2026-02-20T20:54:07","guid":{"rendered":"https:\/\/jesper-lauritzen.dk\/?page_id=449"},"modified":"2026-02-22T14:36:38","modified_gmt":"2026-02-22T13:36:38","slug":"klubturnering-2024","status":"publish","type":"page","link":"https:\/\/hillerodskakklub.dk\/index.php\/klubturnering-2024\/","title":{"rendered":"Klubturnering 2024"},"content":{"rendered":"<h3>Turneringen er i gang<\/h3>\n<p>S\u00e6sonens vigtigste interne skakturnering er turneringen om klubmesterskabet. Den har v\u00e6ret spillet lige siden klubben blev etableret i 1910, og siden 1937 kender vi navnene p\u00e5 alle vinderne.<\/p>\n<p>Turneringen starter tirsdag den 9. januar og l\u00f8ber frem til generalforsamlingen i april.\u00a0 Syv runder i alt prim\u00e6rt i 8-mandsgrupper der spiller alle mod alle.\u00a0 Der er rigeligt med tid til udsatte partier, s\u00e5 travle mennesker kan ogs\u00e5 deltage!<\/p>\n<p>Se turneringsskemaerne for\u00a0<a href=\"http:\/\/turnering.skak.dk\/TournamentActive\/Details?tourId=28463\" target=\"_blank\" rel=\"noopener\">klubturnering 2024<\/a><\/p>\n","protected":false},"excerpt":{"rendered":"<p>Turneringen er i gang S\u00e6sonens vigtigste interne skakturnering er turneringen om klubmesterskabet. Den har v\u00e6ret spillet lige siden klubben blev etableret i 1910, og siden 1937 kender vi navnene p\u00e5 alle vinderne. Turneringen starter tirsdag den 9. januar og l\u00f8ber frem til generalforsamlingen i april.\u00a0 Syv runder i alt prim\u00e6rt i 8-mandsgrupper der spiller alle &hellip; <a href=\"https:\/\/hillerodskakklub.dk\/index.php\/klubturnering-2024\/\" class=\"more-link\">L\u00e6s videre <span class=\"screen-reader-text\">Klubturnering 2024<\/span> <span class=\"meta-nav\">&rarr;<\/span><\/a><\/p>\n","protected":false},"author":1,"featured_media":0,"parent":0,"menu_order":0,"comment_status":"closed","ping_status":"closed","template":"","meta":{"_mc_calendar":[],"footnotes":""},"class_list":["post-449","page","type-page","status-publish","hentry"],"_links":{"self":[{"href":"https:\/\/hillerodskakklub.dk\/index.php\/wp-json\/wp\/v2\/pages\/449","targetHints":{"allow":["GET"]}}],"collection":[{"href":"https:\/\/hillerodskakklub.dk\/index.php\/wp-json\/wp\/v2\/pages"}],"about":[{"href":"https:\/\/hillerodskakklub.dk\/index.php\/wp-json\/wp\/v2\/types\/page"}],"author":[{"embeddable":true,"href":"https:\/\/hillerodskakklub.dk\/index.php\/wp-json\/wp\/v2\/users\/1"}],"replies":[{"embeddable":true,"href":"https:\/\/hillerodskakklub.dk\/index.php\/wp-json\/wp\/v2\/comments?post=449"}],"version-history":[{"count":2,"href":"https:\/\/hillerodskakklub.dk\/index.php\/wp-json\/wp\/v2\/pages\/449\/revisions"}],"predecessor-version":[{"id":733,"href":"https:\/\/hillerodskakklub.dk\/index.php\/wp-json\/wp\/v2\/pages\/449\/revisions\/733"}],"wp:attachment":[{"href":"https:\/\/hillerodskakklub.dk\/index.php\/wp-json\/wp\/v2\/media?parent=449"}],"curies":[{"name":"wp","href":"https:\/\/api.w.org\/{rel}","templated":true}]}}