{"id":577,"date":"2026-02-20T22:30:41","date_gmt":"2026-02-20T21:30:41","guid":{"rendered":"https:\/\/jesper-lauritzen.dk\/?page_id=577"},"modified":"2026-02-24T12:19:21","modified_gmt":"2026-02-24T11:19:21","slug":"aabningsturnering-2022","status":"publish","type":"page","link":"https:\/\/hillerodskakklub.dk\/index.php\/aabningsturnering-2022\/","title":{"rendered":"\u00c5bningsturnering 2022"},"content":{"rendered":"<h3>Reglement og resultater<\/h3>\n<p>\u00c5bningsturnering 2022 best\u00e5r af 6 runder hurtigskak fordelt over tre tirsdage &#8211; 23.august, 30. august og 6. september.<br \/>\nHurtigskak spilles med en bet\u00e6nkningstid p\u00e5 25 minutter til hele partiet plus 10 sekunders till\u00e6g pr. udf\u00f8rt tr\u00e6k.<br \/>\nDeltagerne inddeles fortrinsvis i 4 mands grupper efter rating, s\u00e5ledes at alle f\u00e5r s\u00e5 j\u00e6vnbyrdige modstandere som muligt.<br \/>\nHver tirsdag spiller man to runder mod den samme modstander &#8211; et parti med hvid og et parti med sort.<br \/>\nDer vil v\u00e6re pr\u00e6mie til vinderne af hver gruppe.<\/p>\n<h3>Resultater og parringer<\/h3>\n<table>\n<tbody>\n<tr class=\"tablehead-dark\">\n<td colspan=\"6\">Gruppe A<\/td>\n<\/tr>\n<tr class=\"tablehead-light\">\n<td>Spiller<\/td>\n<td class=\"ctr\">BFS<\/td>\n<td class=\"ctr\">CE<\/td>\n<td class=\"ctr\">MK<\/td>\n<td class=\"ctr\">FL<\/td>\n<td class=\"ctr\">Point<\/td>\n<\/tr>\n<tr>\n<td>Bertil Friis Jensen<\/td>\n<td class=\"tablehead-light-center\"><\/td>\n<td class=\"ctr\">1-1<\/td>\n<td class=\"ctr\">0-2<\/td>\n<td class=\"ctr\">1-1<\/td>\n<td class=\"ctr\">2<\/td>\n<\/tr>\n<tr>\n<td>Carsten Erlandsen<\/td>\n<td class=\"ctr\">1-1<\/td>\n<td class=\"tablehead-light-center\"><\/td>\n<td class=\"ctr\">1-1<\/td>\n<td class=\"ctr\">2-0<\/td>\n<td class=\"ctr\">4<\/td>\n<\/tr>\n<tr>\n<td>Morten K\u00fchn<\/td>\n<td class=\"ctr\">2-0<\/td>\n<td class=\"ctr\">1-1<\/td>\n<td class=\"tablehead-light-center\"><\/td>\n<td class=\"ctr\">1-1<\/td>\n<td class=\"ctr\">4<\/td>\n<\/tr>\n<tr>\n<td>Frands Lavrsen<\/td>\n<td class=\"ctr\">1-1<\/td>\n<td class=\"ctr\">0-2<\/td>\n<td class=\"ctr\">1-1<\/td>\n<td class=\"tablehead-light-center\"><\/td>\n<td class=\"ctr\">2<\/td>\n<\/tr>\n<\/tbody>\n<\/table>\n<p>&nbsp;<\/p>\n<table>\n<tbody>\n<tr class=\"tablehead-dark\">\n<td colspan=\"6\">Gruppe B<\/td>\n<\/tr>\n<tr class=\"tablehead-light\">\n<td>Spiller<\/td>\n<td class=\"ctr\">ES<\/td>\n<td class=\"ctr\">OR<\/td>\n<td class=\"ctr\">BR<\/td>\n<td class=\"ctr\">FA<\/td>\n<td class=\"ctr\">Point<\/td>\n<\/tr>\n<tr>\n<td>Emil Skalleb\u00e6k<\/td>\n<td class=\"tablehead-light-center\"><\/td>\n<td class=\"ctr\">2-0<\/td>\n<td class=\"ctr\">1\u00bd-\u00bd<\/td>\n<td class=\"ctr\">2-0<\/td>\n<td class=\"ctr\">5\u00bd<\/td>\n<\/tr>\n<tr>\n<td>Ole Rasmussen<\/td>\n<td class=\"ctr\">0-2<\/td>\n<td class=\"tablehead-light-center\"><\/td>\n<td class=\"ctr\">1\u00bd-\u00bd<\/td>\n<td class=\"ctr\">1-1<\/td>\n<td class=\"ctr\">2\u00bd<\/td>\n<\/tr>\n<tr>\n<td>Bjarne Rasmussen<\/td>\n<td class=\"ctr\">\u00bd-1\u00bd<\/td>\n<td class=\"ctr\">\u00bd-1\u00bd<\/td>\n<td class=\"tablehead-light-center\"><\/td>\n<td class=\"ctr\">2-0<\/td>\n<td class=\"ctr\">3<\/td>\n<\/tr>\n<tr>\n<td>Frederick Agerbo<\/td>\n<td class=\"ctr\">0-2<\/td>\n<td class=\"ctr\">1-1<\/td>\n<td class=\"ctr\">0-2<\/td>\n<td class=\"tablehead-light-center\"><\/td>\n<td class=\"ctr\">1<\/td>\n<\/tr>\n<\/tbody>\n<\/table>\n<p>&nbsp;<\/p>\n<table>\n<tbody>\n<tr class=\"tablehead-dark\">\n<td colspan=\"8\">Gruppe C<\/td>\n<\/tr>\n<tr class=\"tablehead-light\">\n<td>Spiller<\/td>\n<td class=\"ctr\">UH<\/td>\n<td class=\"ctr\">FE<\/td>\n<td class=\"ctr\">WR<\/td>\n<td class=\"ctr\">BN<\/td>\n<td class=\"ctr\">AJ<\/td>\n<td class=\"ctr\">LA<\/td>\n<td class=\"ctr\">Point<\/td>\n<\/tr>\n<tr>\n<td>Ulrik Havsager<\/td>\n<td class=\"tablehead-light-center\"><\/td>\n<td class=\"ctr\">2-0<\/td>\n<td class=\"ctr\">1-1<\/td>\n<td class=\"ctr\"><\/td>\n<td class=\"ctr\">2-0<\/td>\n<td class=\"ctr\"><\/td>\n<td class=\"ctr\">5<\/td>\n<\/tr>\n<tr>\n<td>Finn Eldor<\/td>\n<td class=\"ctr\">0-2<\/td>\n<td class=\"tablehead-light-center\"><\/td>\n<td class=\"ctr\"><\/td>\n<td class=\"ctr\">1-1<\/td>\n<td class=\"ctr\">1-1<\/td>\n<td class=\"ctr\"><\/td>\n<td class=\"ctr\">2<\/td>\n<\/tr>\n<tr>\n<td>William Ravnbak<\/td>\n<td class=\"ctr\">1-1<\/td>\n<td class=\"ctr\"><\/td>\n<td class=\"tablehead-light-center\"><\/td>\n<td class=\"ctr\">2-0<\/td>\n<td class=\"ctr\"><\/td>\n<td class=\"ctr\">0-2<\/td>\n<td class=\"ctr\">3<\/td>\n<\/tr>\n<tr>\n<td>Benny Nielsen<\/td>\n<td class=\"ctr\"><\/td>\n<td class=\"ctr\">1-1<\/td>\n<td class=\"ctr\">0-2<\/td>\n<td class=\"tablehead-light-center\"><\/td>\n<td class=\"ctr\"><\/td>\n<td class=\"ctr\">\u00bd-1\u00bd<\/td>\n<td class=\"ctr\">1\u00bd<\/td>\n<\/tr>\n<tr>\n<td>Afan Jahic<\/td>\n<td class=\"ctr\">0-2.<\/td>\n<td class=\"ctr\">1-1<\/td>\n<td class=\"ctr\"><\/td>\n<td class=\"ctr\"><\/td>\n<td class=\"tablehead-light-center\"><\/td>\n<td class=\"ctr\">2-0<\/td>\n<td class=\"ctr\">3<\/td>\n<\/tr>\n<tr>\n<td>Lene Andersen<\/td>\n<td class=\"ctr\"><\/td>\n<td class=\"ctr\"><\/td>\n<td class=\"ctr\">2-0.<\/td>\n<td class=\"ctr\">1\u00bd-\u00bd<\/td>\n<td class=\"ctr\">0-2<\/td>\n<td class=\"tablehead-light-center\"><\/td>\n<td class=\"ctr\">3\u00bd<\/td>\n<\/tr>\n<\/tbody>\n<\/table>\n","protected":false},"excerpt":{"rendered":"<p>Reglement og resultater \u00c5bningsturnering 2022 best\u00e5r af 6 runder hurtigskak fordelt over tre tirsdage &#8211; 23.august, 30. august og 6. september. Hurtigskak spilles med en bet\u00e6nkningstid p\u00e5 25 minutter til hele partiet plus 10 sekunders till\u00e6g pr. udf\u00f8rt tr\u00e6k. Deltagerne inddeles fortrinsvis i 4 mands grupper efter rating, s\u00e5ledes at alle f\u00e5r s\u00e5 j\u00e6vnbyrdige modstandere &hellip; <a href=\"https:\/\/hillerodskakklub.dk\/index.php\/aabningsturnering-2022\/\" class=\"more-link\">L\u00e6s videre <span class=\"screen-reader-text\">\u00c5bningsturnering 2022<\/span> <span class=\"meta-nav\">&rarr;<\/span><\/a><\/p>\n","protected":false},"author":1,"featured_media":0,"parent":0,"menu_order":0,"comment_status":"closed","ping_status":"closed","template":"","meta":{"_mc_calendar":[],"footnotes":""},"class_list":["post-577","page","type-page","status-publish","hentry"],"_links":{"self":[{"href":"https:\/\/hillerodskakklub.dk\/index.php\/wp-json\/wp\/v2\/pages\/577","targetHints":{"allow":["GET"]}}],"collection":[{"href":"https:\/\/hillerodskakklub.dk\/index.php\/wp-json\/wp\/v2\/pages"}],"about":[{"href":"https:\/\/hillerodskakklub.dk\/index.php\/wp-json\/wp\/v2\/types\/page"}],"author":[{"embeddable":true,"href":"https:\/\/hillerodskakklub.dk\/index.php\/wp-json\/wp\/v2\/users\/1"}],"replies":[{"embeddable":true,"href":"https:\/\/hillerodskakklub.dk\/index.php\/wp-json\/wp\/v2\/comments?post=577"}],"version-history":[{"count":2,"href":"https:\/\/hillerodskakklub.dk\/index.php\/wp-json\/wp\/v2\/pages\/577\/revisions"}],"predecessor-version":[{"id":1274,"href":"https:\/\/hillerodskakklub.dk\/index.php\/wp-json\/wp\/v2\/pages\/577\/revisions\/1274"}],"wp:attachment":[{"href":"https:\/\/hillerodskakklub.dk\/index.php\/wp-json\/wp\/v2\/media?parent=577"}],"curies":[{"name":"wp","href":"https:\/\/api.w.org\/{rel}","templated":true}]}}