{"id":642,"date":"2026-02-20T23:12:43","date_gmt":"2026-02-20T22:12:43","guid":{"rendered":"https:\/\/jesper-lauritzen.dk\/?page_id=642"},"modified":"2026-02-24T13:09:21","modified_gmt":"2026-02-24T12:09:21","slug":"holdfordeling","status":"publish","type":"page","link":"https:\/\/hillerodskakklub.dk\/index.php\/holdfordeling\/","title":{"rendered":"Holdfordeling"},"content":{"rendered":"<table border=\"0\" width=\"614\" cellspacing=\"0\" cellpadding=\"0\">\n<tbody>\n<tr>\n<td class=\"xl6424582\" width=\"77\" height=\"20\">S\u00e6son<\/td>\n<td class=\"xl6424582\" width=\"74\">1.hold<\/td>\n<td class=\"xl6424582\" width=\"71\">2.hold<\/td>\n<td class=\"xl6424582\" width=\"64\">3.hold<\/td>\n<td class=\"xl6424582\" width=\"61\">4. hold<\/td>\n<td class=\"xl6424582\">5.hold<\/td>\n<td class=\"xl6524582\" width=\"203\">I \u00f8vrigt &#8211; pr\u00f8ve<\/td>\n<\/tr>\n<tr>\n<td class=\"xl6624582\" width=\"77\" height=\"17\">1962-63<\/td>\n<td class=\"xl6624582\" width=\"74\">M<\/td>\n<td class=\"xl6624582\" width=\"71\">C<\/td>\n<td class=\"xl6624582\" width=\"64\">D<\/td>\n<td class=\"xl6624582\" width=\"61\"><\/td>\n<td class=\"xl6624582\"><\/td>\n<td class=\"xl6324582\" width=\"203\"><\/td>\n<\/tr>\n<tr>\n<td class=\"xl6624582\" width=\"77\" height=\"17\">1963-64<\/td>\n<td class=\"xl6624582\" width=\"74\">3.div.<\/td>\n<td class=\"xl6624582\" width=\"71\">C<\/td>\n<td class=\"xl6624582\" width=\"64\">D<\/td>\n<td class=\"xl6624582\" width=\"61\"><\/td>\n<td class=\"xl6624582\"><\/td>\n<td class=\"xl6324582\" width=\"203\">Sammenlagt med Helsinge<\/td>\n<\/tr>\n<tr>\n<td class=\"xl6624582\" width=\"77\" height=\"17\">1964-65<\/td>\n<td class=\"xl6624582\" width=\"74\">3.div.<\/td>\n<td class=\"xl6624582\" width=\"71\">C<\/td>\n<td class=\"xl6624582\" width=\"64\">D<\/td>\n<td class=\"xl6624582\" width=\"61\">E<\/td>\n<td class=\"xl6624582\"><\/td>\n<td class=\"xl6324582\" width=\"203\"><\/td>\n<\/tr>\n<tr>\n<td class=\"xl6624582\" width=\"77\" height=\"17\">1965-66<\/td>\n<td class=\"xl6624582\" width=\"74\">3.div.<\/td>\n<td class=\"xl6624582\" width=\"71\">B<\/td>\n<td class=\"xl6624582\" width=\"64\">C<\/td>\n<td class=\"xl6624582\" width=\"61\">E<\/td>\n<td class=\"xl6624582\"><\/td>\n<td class=\"xl6324582\" width=\"203\"><\/td>\n<\/tr>\n<tr>\n<td class=\"xl6624582\" width=\"77\" height=\"17\">1966-67<\/td>\n<td class=\"xl6624582\" width=\"74\">3.div.<\/td>\n<td class=\"xl6624582\" width=\"71\">A<\/td>\n<td class=\"xl6624582\" width=\"64\">B<\/td>\n<td class=\"xl6624582\" width=\"61\">D<\/td>\n<td class=\"xl6624582\"><\/td>\n<td class=\"xl6324582\" width=\"203\"><\/td>\n<\/tr>\n<tr>\n<td class=\"xl6624582\" width=\"77\">1967-68<\/td>\n<td class=\"xl6724582\" width=\"74\">2.div.<\/td>\n<td class=\"xl6624582\" width=\"71\">A<\/td>\n<td class=\"xl6624582\" width=\"64\">B<\/td>\n<td class=\"xl6624582\" width=\"61\">D<\/td>\n<td class=\"xl6624582\"><\/td>\n<td class=\"xl6324582\" width=\"203\"><\/td>\n<\/tr>\n<tr>\n<td class=\"xl6624582\" width=\"77\" height=\"17\">1968-69<\/td>\n<td class=\"xl6724582\" width=\"74\">2.div.<\/td>\n<td class=\"xl6624582\" width=\"71\">A<\/td>\n<td class=\"xl6624582\" width=\"64\">A<\/td>\n<td class=\"xl6624582\" width=\"61\">D<\/td>\n<td class=\"xl6624582\"><\/td>\n<td class=\"xl6324582\" width=\"203\"><\/td>\n<\/tr>\n<tr>\n<td class=\"xl6624582\" width=\"77\" height=\"17\">1969-70<\/td>\n<td class=\"xl6624582\" width=\"74\">3.div.<\/td>\n<td class=\"xl6624582\" width=\"71\">M<\/td>\n<td class=\"xl6624582\" width=\"64\">A<\/td>\n<td class=\"xl6624582\" width=\"61\"><\/td>\n<td class=\"xl6624582\"><\/td>\n<td class=\"xl6324582\" width=\"203\"><\/td>\n<\/tr>\n<tr>\n<td class=\"xl6624582\" width=\"77\" height=\"17\">1970-71<\/td>\n<td class=\"xl6624582\" width=\"74\">3.div.<\/td>\n<td class=\"xl6624582\" width=\"71\">M<\/td>\n<td class=\"xl6624582\" width=\"64\">A<\/td>\n<td class=\"xl6624582\" width=\"61\"><\/td>\n<td class=\"xl6624582\"><\/td>\n<td class=\"xl6324582\" width=\"203\"><\/td>\n<\/tr>\n<tr>\n<td class=\"xl6624582\" width=\"77\" height=\"17\">1971-72<\/td>\n<td class=\"xl6624582\" width=\"74\">3.div.<\/td>\n<td class=\"xl6624582\" width=\"71\">A<\/td>\n<td class=\"xl6624582\" width=\"64\">B<\/td>\n<td class=\"xl6624582\" width=\"61\"><\/td>\n<td class=\"xl6624582\"><\/td>\n<td class=\"xl6324582\" width=\"203\"><\/td>\n<\/tr>\n<tr>\n<td class=\"xl6624582\" width=\"77\" height=\"17\">1972-73<\/td>\n<td class=\"xl6624582\" width=\"74\">M<\/td>\n<td class=\"xl6624582\" width=\"71\">A<\/td>\n<td class=\"xl6624582\" width=\"64\">C<\/td>\n<td class=\"xl6624582\" width=\"61\">D<\/td>\n<td class=\"xl6624582\"><\/td>\n<td class=\"xl6324582\" width=\"203\"><\/td>\n<\/tr>\n<tr>\n<td class=\"xl6624582\" width=\"77\" height=\"17\">1973-74<\/td>\n<td class=\"xl6624582\" width=\"74\">3.div.<\/td>\n<td class=\"xl6624582\" width=\"71\">A<\/td>\n<td class=\"xl6624582\" width=\"64\">C<\/td>\n<td class=\"xl6624582\" width=\"61\">D<\/td>\n<td class=\"xl6624582\"><\/td>\n<td class=\"xl6324582\" width=\"203\"><\/td>\n<\/tr>\n<tr>\n<td class=\"xl6624582\" width=\"77\" height=\"17\">1974-75<\/td>\n<td class=\"xl6624582\" width=\"74\">M<\/td>\n<td class=\"xl6624582\" width=\"71\">A<\/td>\n<td class=\"xl6624582\" width=\"64\"><\/td>\n<td class=\"xl6624582\" width=\"61\"><\/td>\n<td class=\"xl6624582\"><\/td>\n<td class=\"xl6324582\" width=\"203\"><\/td>\n<\/tr>\n<tr>\n<td class=\"xl6624582\" width=\"77\" height=\"17\">1975-76<\/td>\n<td class=\"xl6624582\" width=\"74\">M<\/td>\n<td class=\"xl6624582\" width=\"71\">B<\/td>\n<td class=\"xl6624582\" width=\"64\"><\/td>\n<td class=\"xl6624582\" width=\"61\"><\/td>\n<td class=\"xl6624582\"><\/td>\n<td class=\"xl6324582\" width=\"203\"><\/td>\n<\/tr>\n<tr>\n<td class=\"xl6624582\" width=\"77\" height=\"17\">1976-77<\/td>\n<td class=\"xl6624582\" width=\"74\">M<\/td>\n<td class=\"xl6624582\" width=\"71\">B<\/td>\n<td class=\"xl6624582\" width=\"64\">C<\/td>\n<td class=\"xl6624582\" width=\"61\"><\/td>\n<td class=\"xl6624582\"><\/td>\n<td class=\"xl6324582\" width=\"203\"><\/td>\n<\/tr>\n<tr>\n<td class=\"xl6624582\" width=\"77\" height=\"17\">1977-78<\/td>\n<td class=\"xl6624582\" width=\"74\">M<\/td>\n<td class=\"xl6624582\" width=\"71\">B<\/td>\n<td class=\"xl6624582\" width=\"64\">C<\/td>\n<td class=\"xl6624582\" width=\"61\"><\/td>\n<td class=\"xl6624582\"><\/td>\n<td class=\"xl6324582\" width=\"203\"><\/td>\n<\/tr>\n<tr>\n<td class=\"xl6624582\" width=\"77\" height=\"17\">1978-79<\/td>\n<td class=\"xl6624582\" width=\"74\">3.div.<\/td>\n<td class=\"xl6624582\" width=\"71\">A<\/td>\n<td class=\"xl6624582\" width=\"64\">B<\/td>\n<td class=\"xl6624582\" width=\"61\">C<\/td>\n<td class=\"xl6624582\"><\/td>\n<td class=\"xl6324582\" width=\"203\"><\/td>\n<\/tr>\n<tr>\n<td class=\"xl6624582\" width=\"77\" height=\"17\">1979-80<\/td>\n<td class=\"xl6624582\" width=\"74\">M<\/td>\n<td class=\"xl6624582\" width=\"71\">A<\/td>\n<td class=\"xl6624582\" width=\"64\">A<\/td>\n<td class=\"xl6624582\" width=\"61\">C<\/td>\n<td class=\"xl6624582\"><\/td>\n<td class=\"xl6324582\" width=\"203\"><\/td>\n<\/tr>\n<tr>\n<td class=\"xl6624582\" width=\"77\" height=\"17\">1980-81<\/td>\n<td class=\"xl6624582\" width=\"74\">3.div.<\/td>\n<td class=\"xl6624582\" width=\"71\">M<\/td>\n<td class=\"xl6624582\" width=\"64\">A<\/td>\n<td class=\"xl6624582\" width=\"61\">C<\/td>\n<td class=\"xl6624582\"><\/td>\n<td class=\"xl6324582\" width=\"203\"><\/td>\n<\/tr>\n<tr>\n<td class=\"xl6624582\" width=\"77\" height=\"17\">1981-82<\/td>\n<td class=\"xl6624582\" width=\"74\">M<\/td>\n<td class=\"xl6624582\" width=\"71\">A<\/td>\n<td class=\"xl6624582\" width=\"64\">A<\/td>\n<td class=\"xl6624582\" width=\"61\"><\/td>\n<td class=\"xl6624582\"><\/td>\n<td class=\"xl6324582\" width=\"203\"><\/td>\n<\/tr>\n<tr>\n<td class=\"xl6624582\" width=\"77\" height=\"17\">1982-83<\/td>\n<td class=\"xl6624582\" width=\"74\">M<\/td>\n<td class=\"xl6624582\" width=\"71\">B<\/td>\n<td class=\"xl6624582\" width=\"64\"><\/td>\n<td class=\"xl6624582\" width=\"61\"><\/td>\n<td class=\"xl6624582\"><\/td>\n<td class=\"xl6324582\" width=\"203\">1 firemandshold<\/td>\n<\/tr>\n<tr>\n<td class=\"xl6624582\" width=\"77\" height=\"17\">1983-84<\/td>\n<td class=\"xl6624582\" width=\"74\">M<\/td>\n<td class=\"xl6624582\" width=\"71\">A<\/td>\n<td class=\"xl6624582\" width=\"64\">C<\/td>\n<td class=\"xl6624582\" width=\"61\"><\/td>\n<td class=\"xl6624582\"><\/td>\n<td class=\"xl6324582\" width=\"203\"><\/td>\n<\/tr>\n<tr>\n<td class=\"xl6624582\" width=\"77\" height=\"17\">1984-85<\/td>\n<td class=\"xl6624582\" width=\"74\">M<\/td>\n<td class=\"xl6624582\" width=\"71\">M<\/td>\n<td class=\"xl6624582\" width=\"64\">C<\/td>\n<td class=\"xl6624582\" width=\"61\"><\/td>\n<td class=\"xl6624582\"><\/td>\n<td class=\"xl6324582\" width=\"203\"><\/td>\n<\/tr>\n<tr>\n<td class=\"xl6624582\" width=\"77\" height=\"17\">1985-86<\/td>\n<td class=\"xl6624582\" width=\"74\">M<\/td>\n<td class=\"xl6624582\" width=\"71\">A<\/td>\n<td class=\"xl6624582\" width=\"64\">C<\/td>\n<td class=\"xl6624582\" width=\"61\"><\/td>\n<td class=\"xl6624582\"><\/td>\n<td class=\"xl6324582\" width=\"203\"><\/td>\n<\/tr>\n<tr>\n<td class=\"xl6624582\" width=\"77\" height=\"17\">1986-87<\/td>\n<td class=\"xl6624582\" width=\"74\">3.div.<\/td>\n<td class=\"xl6624582\" width=\"71\">A<\/td>\n<td class=\"xl6624582\" width=\"64\">C<\/td>\n<td class=\"xl6624582\" width=\"61\">C<\/td>\n<td class=\"xl6624582\"><\/td>\n<td class=\"xl6324582\" width=\"203\"><\/td>\n<\/tr>\n<tr>\n<td class=\"xl6624582\" width=\"77\" height=\"17\">1987-88<\/td>\n<td class=\"xl6624582\" width=\"74\">3.div.<\/td>\n<td class=\"xl6624582\" width=\"71\">A<\/td>\n<td class=\"xl6624582\" width=\"64\">C<\/td>\n<td class=\"xl6624582\" width=\"61\">C<\/td>\n<td class=\"xl6624582\"><\/td>\n<td class=\"xl6324582\" width=\"203\">1 firemandshold<\/td>\n<\/tr>\n<tr>\n<td class=\"xl6624582\" width=\"77\" height=\"17\">1988-89<\/td>\n<td class=\"xl6724582\" width=\"74\">2.div.<\/td>\n<td class=\"xl6624582\" width=\"71\">M<\/td>\n<td class=\"xl6624582\" width=\"64\">B<\/td>\n<td class=\"xl6624582\" width=\"61\">C<\/td>\n<td class=\"xl6624582\">C<\/td>\n<td class=\"xl6324582\" width=\"203\">Sammenlagt med Frederiksborg<\/td>\n<\/tr>\n<tr>\n<td class=\"xl6624582\" width=\"77\" height=\"17\">1989-90<\/td>\n<td class=\"xl6724582\" width=\"74\">2.div.<\/td>\n<td class=\"xl6624582\" width=\"71\">M<\/td>\n<td class=\"xl6624582\" width=\"64\">A<\/td>\n<td class=\"xl6624582\" width=\"61\">C<\/td>\n<td class=\"xl6624582\">C<\/td>\n<td class=\"xl6324582\" width=\"203\"><\/td>\n<\/tr>\n<tr>\n<td class=\"xl6624582\" width=\"77\" height=\"17\">1990-91<\/td>\n<td class=\"xl6724582\" width=\"74\">2.div.<\/td>\n<td class=\"xl6624582\" width=\"71\">M<\/td>\n<td class=\"xl6624582\" width=\"64\">A<\/td>\n<td class=\"xl6624582\" width=\"61\">B<\/td>\n<td class=\"xl6624582\"><\/td>\n<td class=\"xl6324582\" width=\"203\">3 firemandshold<\/td>\n<\/tr>\n<tr>\n<td class=\"xl6624582\" width=\"77\" height=\"17\">1991-92<\/td>\n<td class=\"xl6624582\" width=\"74\">3.div.<\/td>\n<td class=\"xl6624582\" width=\"71\">A<\/td>\n<td class=\"xl6624582\" width=\"64\">B<\/td>\n<td class=\"xl6624582\" width=\"61\">B<\/td>\n<td class=\"xl6624582\"><\/td>\n<td class=\"xl6324582\" width=\"203\">3 firemandshold<\/td>\n<\/tr>\n<tr>\n<td class=\"xl6624582\" width=\"77\" height=\"17\">1992-93<\/td>\n<td class=\"xl6624582\" width=\"74\">3.div.<\/td>\n<td class=\"xl6624582\" width=\"71\">A<\/td>\n<td class=\"xl6624582\" width=\"64\">A<\/td>\n<td class=\"xl6624582\" width=\"61\">B<\/td>\n<td class=\"xl6624582\"><\/td>\n<td class=\"xl6324582\" width=\"203\">2 firemandshold<\/td>\n<\/tr>\n<tr>\n<td class=\"xl6624582\" width=\"77\" height=\"17\">1993-94<\/td>\n<td class=\"xl6624582\" width=\"74\">3.div.<\/td>\n<td class=\"xl6624582\" width=\"71\">A<\/td>\n<td class=\"xl6624582\" width=\"64\">B<\/td>\n<td class=\"xl6624582\" width=\"61\">B<\/td>\n<td class=\"xl6624582\"><\/td>\n<td class=\"xl6324582\" width=\"203\">1 firemandshold<\/td>\n<\/tr>\n<tr>\n<td class=\"xl6624582\" width=\"77\" height=\"17\">1994-95<\/td>\n<td class=\"xl6624582\" width=\"74\">3.div.<\/td>\n<td class=\"xl6624582\" width=\"71\">B<\/td>\n<td class=\"xl6624582\" width=\"64\">B<\/td>\n<td class=\"xl6624582\" width=\"61\">B<\/td>\n<td class=\"xl6624582\"><\/td>\n<td class=\"xl6324582\" width=\"203\">1 firemandshold<\/td>\n<\/tr>\n<tr>\n<td class=\"xl6624582\" width=\"77\" height=\"17\">1995-96<\/td>\n<td class=\"xl6624582\" width=\"74\">3.div.<\/td>\n<td class=\"xl6624582\" width=\"71\">A<\/td>\n<td class=\"xl6624582\" width=\"64\">B<\/td>\n<td class=\"xl6624582\" width=\"61\">C<\/td>\n<td class=\"xl6624582\"><\/td>\n<td class=\"xl6324582\" width=\"203\">1 firemandshold<\/td>\n<\/tr>\n<tr>\n<td class=\"xl6624582\" width=\"77\" height=\"17\">1996-97<\/td>\n<td class=\"xl6624582\" width=\"74\">3.div.<\/td>\n<td class=\"xl6624582\" width=\"71\">M<\/td>\n<td class=\"xl6624582\" width=\"64\">B<\/td>\n<td class=\"xl6624582\" width=\"61\">B<\/td>\n<td class=\"xl6624582\">C<\/td>\n<td class=\"xl6324582\" width=\"203\"><\/td>\n<\/tr>\n<tr>\n<td class=\"xl6624582\" width=\"77\" height=\"17\">1997-98<\/td>\n<td class=\"xl6624582\" width=\"74\">3.div.<\/td>\n<td class=\"xl6624582\" width=\"71\">M<\/td>\n<td class=\"xl6624582\" width=\"64\">A<\/td>\n<td class=\"xl6624582\" width=\"61\">B<\/td>\n<td class=\"xl6624582\">C<\/td>\n<td class=\"xl6324582\" width=\"203\"><\/td>\n<\/tr>\n<tr>\n<td class=\"xl6624582\" width=\"77\" height=\"17\">1998-99<\/td>\n<td class=\"xl6724582\" width=\"74\">2.div.<\/td>\n<td class=\"xl6624582\" width=\"71\">M<\/td>\n<td class=\"xl6624582\" width=\"64\">A<\/td>\n<td class=\"xl6624582\" width=\"61\">B<\/td>\n<td class=\"xl6624582\"><\/td>\n<td class=\"xl6324582\" width=\"203\"><\/td>\n<\/tr>\n<tr>\n<td class=\"xl6624582\" width=\"77\" height=\"17\">1999-00<\/td>\n<td class=\"xl6724582\" width=\"74\">2.div.<\/td>\n<td class=\"xl6624582\" width=\"71\">M<\/td>\n<td class=\"xl6624582\" width=\"64\">A<\/td>\n<td class=\"xl6624582\" width=\"61\">C<\/td>\n<td class=\"xl6624582\"><\/td>\n<td class=\"xl6324582\" width=\"203\"><\/td>\n<\/tr>\n<tr>\n<td class=\"xl6624582\" width=\"77\" height=\"17\">2000-01<\/td>\n<td class=\"xl6724582\" width=\"74\">2.div.<\/td>\n<td class=\"xl6624582\" width=\"71\">M<\/td>\n<td class=\"xl6624582\" width=\"64\">A<\/td>\n<td class=\"xl6624582\" width=\"61\">B<\/td>\n<td class=\"xl6624582\"><\/td>\n<td class=\"xl6324582\" width=\"203\">1 firemandshold<\/td>\n<\/tr>\n<tr>\n<td class=\"xl6624582\" width=\"77\" height=\"17\">2001-02<\/td>\n<td class=\"xl6724582\" width=\"74\">2.div<\/td>\n<td class=\"xl6624582\" width=\"71\">M<\/td>\n<td class=\"xl6624582\" width=\"64\">A<\/td>\n<td class=\"xl6624582\" width=\"61\">B<\/td>\n<td class=\"xl6624582\"><\/td>\n<td class=\"xl6324582\" width=\"203\">2 juniorhold<\/td>\n<\/tr>\n<tr>\n<td class=\"xl6624582\" width=\"77\" height=\"17\">2002-03<\/td>\n<td class=\"xl6724582\" width=\"74\">2.div<\/td>\n<td class=\"xl6624582\" width=\"71\">M<\/td>\n<td class=\"xl6624582\" width=\"64\">A<\/td>\n<td class=\"xl6624582\" width=\"61\">B<\/td>\n<td class=\"xl6624582\">C<\/td>\n<td class=\"xl6324582\" width=\"203\">2 juniorhold<\/td>\n<\/tr>\n<tr>\n<td class=\"xl6624582\" width=\"77\" height=\"17\">2003-04<\/td>\n<td class=\"xl6724582\" width=\"74\">2.div<\/td>\n<td class=\"xl6624582\" width=\"71\">M<\/td>\n<td class=\"xl6624582\" width=\"64\">A<\/td>\n<td class=\"xl6624582\" width=\"61\">B<\/td>\n<td class=\"xl6624582\"><\/td>\n<td class=\"xl6324582\" width=\"203\">2 juniorhold<\/td>\n<\/tr>\n<tr>\n<td class=\"xl6624582\" width=\"77\" height=\"17\">2004-05<\/td>\n<td class=\"xl6724582\" width=\"74\">1.div<\/td>\n<td class=\"xl6624582\" width=\"71\">M<\/td>\n<td class=\"xl6624582\" width=\"64\">A<\/td>\n<td class=\"xl6624582\" width=\"61\">B<\/td>\n<td class=\"xl6624582\"><\/td>\n<td class=\"xl6324582\" width=\"203\">2.div. skifter navn til 1.div.<\/td>\n<\/tr>\n<tr>\n<td class=\"xl6624582\" width=\"77\" height=\"17\">2005-06<\/td>\n<td class=\"xl6724582\" width=\"74\">1.div<\/td>\n<td class=\"xl6624582\" width=\"71\">M<\/td>\n<td class=\"xl6624582\" width=\"64\">A<\/td>\n<td class=\"xl6624582\" width=\"61\">B<\/td>\n<td class=\"xl6624582\"><\/td>\n<td class=\"xl6324582\" width=\"203\"><\/td>\n<\/tr>\n<tr>\n<td class=\"xl6624582\" width=\"77\" height=\"17\">2006-07<\/td>\n<td class=\"xl6724582\" width=\"74\">1.div<\/td>\n<td class=\"xl6624582\" width=\"71\">M<\/td>\n<td class=\"xl6624582\" width=\"64\">A<\/td>\n<td class=\"xl6624582\" width=\"61\">B<\/td>\n<td class=\"xl6624582\"><\/td>\n<td class=\"xl6324582\" width=\"203\"><\/td>\n<\/tr>\n<tr>\n<td class=\"xl6624582\" width=\"77\" height=\"17\">2007-08<\/td>\n<td class=\"xl6724582\" width=\"74\">1.div<\/td>\n<td class=\"xl6624582\" width=\"71\">M<\/td>\n<td class=\"xl6624582\" width=\"64\">A<\/td>\n<td class=\"xl6624582\" width=\"61\"><\/td>\n<td class=\"xl6624582\"><\/td>\n<td class=\"xl6324582\" width=\"203\"><\/td>\n<\/tr>\n<tr>\n<td class=\"xl6624582\" width=\"77\" height=\"17\">2008-09<\/td>\n<td class=\"xl6724582\" width=\"74\">1.div<\/td>\n<td class=\"xl6624582\" width=\"71\">M<\/td>\n<td class=\"xl6624582\" width=\"64\">A<\/td>\n<td class=\"xl6624582\" width=\"61\"><\/td>\n<td class=\"xl6624582\"><\/td>\n<td class=\"xl6324582\" width=\"203\"><\/td>\n<\/tr>\n<tr>\n<td class=\"xl6624582\" width=\"77\" height=\"17\">2009-10<\/td>\n<td class=\"xl6724582\" width=\"74\">1.div<\/td>\n<td class=\"xl6624582\" width=\"71\">M<\/td>\n<td class=\"xl6624582\" width=\"64\">A<\/td>\n<td class=\"xl6624582\" width=\"61\"><\/td>\n<td class=\"xl6624582\"><\/td>\n<td class=\"xl6324582\" width=\"203\"><\/td>\n<\/tr>\n<tr>\n<td class=\"xl6624582\" width=\"77\" height=\"17\">2010-11<\/td>\n<td class=\"xl6724582\" width=\"74\">1.div<\/td>\n<td class=\"xl6624582\" width=\"71\">M<\/td>\n<td class=\"xl6624582\" width=\"64\">A<\/td>\n<td class=\"xl1524582\"><\/td>\n<td class=\"xl1524582\"><\/td>\n<td class=\"xl1524582\"><\/td>\n<\/tr>\n<tr>\n<td class=\"xl6624582\" width=\"77\" height=\"17\">2011-12<\/td>\n<td class=\"xl6724582\" width=\"74\">Skakliga<\/td>\n<td class=\"xl6624582\" width=\"71\">M<\/td>\n<td class=\"xl6624582\" width=\"64\">A<\/td>\n<td class=\"xl1524582\"><\/td>\n<td class=\"xl1524582\"><\/td>\n<td class=\"xl1524582\"><\/td>\n<\/tr>\n<tr>\n<td class=\"xl6624582\" width=\"77\" height=\"17\">2012-13<\/td>\n<td class=\"xl6724582\" width=\"74\">1.div<\/td>\n<td class=\"xl6624582\" width=\"71\">M<\/td>\n<td class=\"xl6624582\" width=\"64\">A<\/td>\n<td class=\"xl6624582\" width=\"61\">C<\/td>\n<td class=\"xl1524582\"><\/td>\n<td class=\"xl6824582\" width=\"203\">C=4 mandshold<\/td>\n<\/tr>\n<tr>\n<td class=\"xl6624582\" width=\"77\" height=\"17\">2013-14<\/td>\n<td class=\"xl6724582\" width=\"74\">Skakliga<\/td>\n<td class=\"xl6624582\" width=\"71\">M<\/td>\n<td class=\"xl6624582\" width=\"64\">A<\/td>\n<td class=\"xl6624582\" width=\"61\">B<\/td>\n<td class=\"xl6624582\">C<\/td>\n<td class=\"xl6824582\" width=\"203\">C=4 mandshold<\/td>\n<\/tr>\n<tr>\n<td class=\"xl6624582\" width=\"77\" height=\"17\">2014-15<\/td>\n<td class=\"xl6724582\" width=\"74\">Skakliga<\/td>\n<td class=\"xl6624582\" width=\"71\">M<\/td>\n<td class=\"xl6624582\" width=\"64\">A<\/td>\n<td class=\"xl6624582\" width=\"61\">B<\/td>\n<td class=\"xl1524582\"><\/td>\n<td class=\"xl1524582\"><\/td>\n<\/tr>\n<tr>\n<td class=\"xl6624582\" width=\"77\" height=\"17\">2015-16<\/td>\n<td class=\"xl6724582\" width=\"74\">Skakliga<\/td>\n<td class=\"xl6624582\" width=\"71\">M<\/td>\n<td class=\"xl6624582\" width=\"64\">B<\/td>\n<td class=\"xl6624582\" width=\"61\">C<\/td>\n<td class=\"auto-style1\">C+C<\/td>\n<td class=\"xl1524582\"><\/td>\n<\/tr>\n<tr>\n<td class=\"xl6624582\" width=\"77\" height=\"17\">2016-17<\/td>\n<td class=\"xl6724582\" width=\"74\">Skakliga<\/td>\n<td class=\"xl6624582\" width=\"71\">M<\/td>\n<td class=\"xl6624582\" width=\"64\">A<\/td>\n<td class=\"xl6624582\" width=\"61\">B<\/td>\n<td class=\"auto-style1\">C<\/td>\n<td class=\"xl1524582\"><\/td>\n<\/tr>\n<tr>\n<td class=\"xl6624582\" width=\"77\" height=\"17\">2017-18<\/td>\n<td class=\"xl6724582\" width=\"74\">Skakliga<\/td>\n<td class=\"xl6624582\" width=\"71\">2.div<\/td>\n<td class=\"xl6624582\" width=\"64\">A<\/td>\n<td class=\"xl6624582\" width=\"61\">B<\/td>\n<td class=\"auto-style1\">C<\/td>\n<td class=\"xl1524582\"><\/td>\n<\/tr>\n<tr>\n<td class=\"xl6624582\" width=\"77\" height=\"17\">2018-19<\/td>\n<td class=\"xl6724582\" width=\"74\">Skakliga<\/td>\n<td class=\"xl6624582\" width=\"71\">M<\/td>\n<td class=\"xl6624582\" width=\"64\">M<\/td>\n<td class=\"xl6624582\" width=\"61\">B<\/td>\n<td class=\"auto-style1\">C<\/td>\n<td class=\"xl1524582\"><\/td>\n<\/tr>\n<tr>\n<td class=\"xl6624582\" width=\"77\" height=\"17\">2019-20<\/td>\n<td class=\"xl6724582\" width=\"74\">Skakliga<\/td>\n<td class=\"xl6624582\" width=\"71\">2.div.<\/td>\n<td class=\"xl6624582\" width=\"64\">M<\/td>\n<td class=\"xl6624582\" width=\"61\">B<\/td>\n<td class=\"auto-style1\">B<\/td>\n<td class=\"xl1524582\">D\u00a0\u00a0\u00a0 D=4 mandshold<\/td>\n<\/tr>\n<tr>\n<td class=\"xl6624582\" width=\"77\" height=\"17\">2020-21<\/td>\n<td class=\"xl6724582\" width=\"74\">Skakliga<\/td>\n<td class=\"xl6624582\" width=\"71\">2.div.<\/td>\n<td class=\"xl6624582\" width=\"64\">M<\/td>\n<td class=\"xl6624582\" width=\"61\">A<\/td>\n<td class=\"auto-style1\">C<\/td>\n<td class=\"xl1524582\"><\/td>\n<\/tr>\n<tr>\n<td class=\"xl6624582\" width=\"77\" height=\"17\">2021-22<\/td>\n<td class=\"xl6724582\" width=\"74\">Skakliga<\/td>\n<td class=\"xl6624582\" width=\"71\">2.div.<\/td>\n<td class=\"xl6624582\" width=\"64\">M<\/td>\n<td class=\"xl6624582\" width=\"61\">A<\/td>\n<td class=\"auto-style1\">B<\/td>\n<td class=\"xl1524582\">DM-s\u00f8lv<\/td>\n<\/tr>\n<tr>\n<td class=\"xl6624582\" width=\"77\" height=\"17\">2022-23<\/td>\n<td class=\"xl6724582\" width=\"74\">Skakliga<\/td>\n<td class=\"xl6624582\" width=\"71\">2.div.<\/td>\n<td class=\"xl6624582\" width=\"64\">M<\/td>\n<td class=\"xl6624582\" width=\"61\">M<\/td>\n<td class=\"auto-style1\">A<\/td>\n<td class=\"align-left\">B\u00a0 og C<\/td>\n<\/tr>\n<tr>\n<td class=\"xl6624582\" width=\"77\" height=\"17\">2023-24<\/td>\n<td class=\"xl6724582\" width=\"74\">Skakliga<\/td>\n<td class=\"xl6624582\" width=\"71\">M<\/td>\n<td class=\"xl6624582\" width=\"64\">M<\/td>\n<td class=\"xl6624582\" width=\"61\">M<\/td>\n<td class=\"auto-style1\">A<\/td>\n<td class=\"align-left\">B\u00a0\u00a0\u00a0\u00a0\u00a0\u00a0\u00a0\u00a0\u00a0\u00a0\u00a0\u00a0 DM-s\u00f8lv<\/td>\n<\/tr>\n<tr>\n<td class=\"xl6624582\" width=\"77\" height=\"17\">2024-25<\/td>\n<td class=\"xl6724582\" width=\"74\">Skakliga<\/td>\n<td class=\"xl6624582\" width=\"71\">1.div.<\/td>\n<td class=\"xl6624582\" width=\"64\">M<\/td>\n<td class=\"xl6624582\" width=\"61\">M<\/td>\n<td class=\"auto-style1\">A<\/td>\n<td class=\"align-left\">B\u00a0\u00a0\u00a0\u00a0\u00a0\u00a0\u00a0\u00a0\u00a0\u00a0\u00a0\u00a0 DM-guld<\/td>\n<\/tr>\n<tr>\n<td class=\"xl6624582\" width=\"77\" height=\"17\">2025-26<\/td>\n<td class=\"xl6724582\" width=\"74\">Skakliga<\/td>\n<td class=\"xl6624582\" width=\"71\">1. div.<\/td>\n<td class=\"xl6624582\" width=\"64\">M<\/td>\n<td class=\"xl6624582\" width=\"61\">M<\/td>\n<td class=\"auto-style1\">A<\/td>\n<td class=\"align-left\">B<\/td>\n<\/tr>\n<\/tbody>\n<\/table>\n","protected":false},"excerpt":{"rendered":"<p>S\u00e6son 1.hold 2.hold 3.hold 4. hold 5.hold I \u00f8vrigt &#8211; pr\u00f8ve 1962-63 M C D 1963-64 3.div. C D Sammenlagt med Helsinge 1964-65 3.div. C D E 1965-66 3.div. B C E 1966-67 3.div. A B D 1967-68 2.div. A B D 1968-69 2.div. A A D 1969-70 3.div. M A 1970-71 3.div. M A &hellip; <a href=\"https:\/\/hillerodskakklub.dk\/index.php\/holdfordeling\/\" class=\"more-link\">L\u00e6s videre <span class=\"screen-reader-text\">Holdfordeling<\/span> <span class=\"meta-nav\">&rarr;<\/span><\/a><\/p>\n","protected":false},"author":1,"featured_media":0,"parent":0,"menu_order":0,"comment_status":"closed","ping_status":"closed","template":"","meta":{"_mc_calendar":[],"footnotes":""},"class_list":["post-642","page","type-page","status-publish","hentry"],"_links":{"self":[{"href":"https:\/\/hillerodskakklub.dk\/index.php\/wp-json\/wp\/v2\/pages\/642","targetHints":{"allow":["GET"]}}],"collection":[{"href":"https:\/\/hillerodskakklub.dk\/index.php\/wp-json\/wp\/v2\/pages"}],"about":[{"href":"https:\/\/hillerodskakklub.dk\/index.php\/wp-json\/wp\/v2\/types\/page"}],"author":[{"embeddable":true,"href":"https:\/\/hillerodskakklub.dk\/index.php\/wp-json\/wp\/v2\/users\/1"}],"replies":[{"embeddable":true,"href":"https:\/\/hillerodskakklub.dk\/index.php\/wp-json\/wp\/v2\/comments?post=642"}],"version-history":[{"count":2,"href":"https:\/\/hillerodskakklub.dk\/index.php\/wp-json\/wp\/v2\/pages\/642\/revisions"}],"predecessor-version":[{"id":1283,"href":"https:\/\/hillerodskakklub.dk\/index.php\/wp-json\/wp\/v2\/pages\/642\/revisions\/1283"}],"wp:attachment":[{"href":"https:\/\/hillerodskakklub.dk\/index.php\/wp-json\/wp\/v2\/media?parent=642"}],"curies":[{"name":"wp","href":"https:\/\/api.w.org\/{rel}","templated":true}]}}